{"id":1032,"date":"2022-07-04T12:17:32","date_gmt":"2022-07-04T10:17:32","guid":{"rendered":"https:\/\/srtcom.com\/?page_id=1032"},"modified":"2022-07-25T14:29:46","modified_gmt":"2022-07-25T12:29:46","slug":"installation-reseaux","status":"publish","type":"page","link":"https:\/\/srtcom.com\/?page_id=1032","title":{"rendered":"Installation r\u00e9seaux"},"content":{"rendered":"<section id=\"section-f4e3107b-e34c-4331-ac6e-c0eaf3d6d917\" class=\"wp-block-gutentor-image-slider gutentor-section gutentor-image-slider imageSlider-template1\"><div class=\"gutentor-grid-item-wrap\"><div class=\"gutentor-slider-wrapper\" data-dots=\"true\" data-arrows=\"true\" data-infinite=\"false\" data-nextarrow=\"fas fa-angle-right\" data-prevarrow=\"fas fa-angle-left\" data-autoplay=\"true\" data-autoplayspeed=\"5000\" data-fade=\"false\" data-speed=\"1500\"><div class=\"gutentor-slider-item\"><div class=\"gutentor-single-item gutentor-single-item-0\"><div class=\"gutentor-single-item-wrap\"><div class=\"gutentor-single-item-image-box\"><div class=\"gutentor-bg-image\"><div class=\"overlay\"><\/div><\/div><\/div><div class=\"gutentor-single-item-content\"><div class=\"grid-container\"><div class=\"slider-caption text-left\"><\/div><\/div><\/div><\/div><\/div><\/div><div class=\"gutentor-slider-item\"><div class=\"gutentor-single-item gutentor-single-item-1\"><div class=\"gutentor-single-item-wrap\"><div class=\"gutentor-single-item-image-box\"><div class=\"gutentor-bg-image\"><div class=\"overlay\"><\/div><\/div><\/div><div class=\"gutentor-single-item-content\"><div class=\"grid-container\"><div class=\"slider-caption text-left\"><\/div><\/div><\/div><\/div><\/div><\/div><\/div><\/div><\/section><section id=\"gm7057082\" class=\"wp-block-gutentor-m5 section-gm7057082 gutentor-module gutentor-module-slider gutentor-slick-a-default-desktop gutentor-module-caption-enabled\"><div class=\"gutentor-module-slider-row\" data-dots=\"false\" data-dotstablet=\"false\" data-dotsmobile=\"false\" data-nextarrow=\"fas fa-angle-right\" data-prevarrow=\"fas fa-angle-left\" data-arrows=\"true\" data-arrowstablet=\"true\" data-arrowsmobile=\"true\" data-fade=\"false\" data-draggable=\"true\" data-infinite=\"false\" data-autoplay=\"true\" data-pauseonfocus=\"true\" data-pauseonhover=\"true\" data-speed=\"2000\" data-autoplayspeed=\"2000\" data-arrowspositiondesktop=\"gutentor-slick-a-default-desktop\"><\/div><\/section><p>   <\/p><h2 class=\"wp-block-heading\">    <strong><em>&#8211;  Apr\u00e8s une r\u00e9colte des besoins , nous r\u00e9alisons une estimations sur la base des \u00e9l\u00e9ments suivants :<\/em><\/strong><\/h2><ul class=\"wp-block-list\"><li>      -La nature et la superficie des locaux \u00e0 \u00e9quiper,<\/li><li>      -Les contraintes techniques de ces locaux,<\/li><li>      -Le nombre de serveurs requis,<\/li><li>      -Le nombre de personnes et de postes de travail \u00e0 relier,<\/li><li>      -Les besoins en bande passante et en d\u00e9bit.<\/li><li>      -Les logiciels d\u00e9j\u00e0 installer<\/li><\/ul><h2 class=\"wp-block-heading\">  <strong><em>   &#8211; Nous proposons<\/em><\/strong><\/h2><ul class=\"wp-block-list\"><li>\u00c9tude de r\u00e9alisation<\/li><li>Installation et Configuration des R\u00e9seaux<\/li><li>Installation des standards t\u00e9l\u00e9phonique ip<\/li><\/ul><ul class=\"wp-block-list\"><li>Administration et maintenance des serveurs<\/li><\/ul><ul class=\"wp-block-list\"><li>Partage des ressources (fichiers, Imprimantes, internet, etc\u2026)<\/li><\/ul><ul class=\"wp-block-list\"><li>Diagnostique des probl\u00e8mes li\u00e9s aux hardware, software, virus.<\/li><\/ul><div class=\"wp-block-group\"><div class=\"wp-block-group__inner-container is-layout-flow wp-block-group-is-layout-flow\"><div class=\"wp-block-group\"><div class=\"wp-block-group__inner-container is-layout-flow wp-block-group-is-layout-flow\"><section id=\"section-452f940e-8aa9-43f0-835c-02ecd4c45a8e\" class=\"wp-block-gutentor-image-box gutentor-section gutentor-image-wrapper imagebox-template1\"><div class=\"grid-container\"><div class=\"gutentor-block-header\"><div class=\"gutentor-section-title enable-title-design seperator-bottom text-center\"><h2 class=\"gutentor-title\">R\u00e9seaux<\/h2><\/div><\/div><div class=\"grid-row gutentor-grid-item-wrap\"><div class=\"gutentor-grid-column grid-lg-4 grid-md-4 grid-12\"><div class=\"gutentor-single-item gutentor-image gutentor-single-item-0\"><div class=\"gutentor-single-item-wrap\"><div class=\"gutentor-single-item-image-box\"><div class=\"gutentor-image-thumb\"><img fetchpriority=\"high\" decoding=\"async\" class=\"normal-image\" src=\"https:\/\/srtcom.com\/wp-content\/uploads\/2022\/07\/etude-srtcom2-1.jpg\" alt=\"\" height=\"220\" width=\"350\"\/><\/div><\/div><div class=\"gutentor-single-item-content\"><h3 class=\"gutentor-single-item-title\">Etude<\/h3><div class=\"gutentor-single-item-desc\">Etude et r\u00e9alisation<br><br><\/div><a class=\"gutentor-button gutentor-single-item-button gutentor-icon-hide\" href=\"https:\/\/srtcom.com\/demande-installation-reseau\/\"><i class=\"gutentor-button-icon fas fa-book\"><\/i><span>Commande<\/span><\/a><\/div><\/div><\/div><\/div><div class=\"gutentor-grid-column grid-lg-4 grid-md-4 grid-12\"><div class=\"gutentor-single-item gutentor-image gutentor-single-item-1\"><div class=\"gutentor-single-item-wrap\"><div class=\"gutentor-single-item-image-box\"><div class=\"gutentor-image-thumb\"><img decoding=\"async\" class=\"normal-image\" src=\"https:\/\/srtcom.com\/wp-content\/uploads\/2022\/07\/install_reseau-1-1.jpg\" alt=\"\" height=\"220\" width=\"350\"\/><\/div><\/div><div class=\"gutentor-single-item-content\"><h3 class=\"gutentor-single-item-title\">Mise en place<\/h3><div class=\"gutentor-single-item-desc\">    Installation R\u00e9seaux Informatique,          r\u00e9seau fil et sans fil (WIFI)<br><\/div><a class=\"gutentor-button gutentor-single-item-button gutentor-icon-hide\" href=\"https:\/\/srtcom.com\/demande-installation-reseau\/\"><i class=\"gutentor-button-icon fas fa-book\"><\/i><span>Commande<\/span><\/a><\/div><\/div><\/div><\/div><div class=\"gutentor-grid-column grid-lg-4 grid-md-4 grid-12\"><div class=\"gutentor-single-item gutentor-image gutentor-single-item-2\"><div class=\"gutentor-single-item-wrap\"><div class=\"gutentor-single-item-image-box\"><div class=\"gutentor-image-thumb\"><img decoding=\"async\" class=\"normal-image\" src=\"https:\/\/srtcom.com\/wp-content\/uploads\/2022\/07\/maintenance-reseaue-1-1.jpg\" alt=\"\" height=\"220\" width=\"350\"\/><\/div><\/div><div class=\"gutentor-single-item-content\"><h3 class=\"gutentor-single-item-title\">Maintenance<\/h3><div class=\"gutentor-single-item-desc\">Contrat de maintenance<br><br>      <\/div><a class=\"gutentor-button gutentor-single-item-button gutentor-icon-hide\" href=\"https:\/\/srtcom.com\/demande-installation-reseau\/\"><i class=\"gutentor-button-icon fas fa-book\"><\/i><span>Commande<\/span><\/a><\/div><\/div><\/div><\/div><\/div><\/div><\/section><\/div><\/div><\/div><\/div>","protected":false},"excerpt":{"rendered":"<p>&#8211; Apr\u00e8s une r\u00e9colte des besoins , nous r\u00e9alisons une estimations sur la base des \u00e9l\u00e9ments suivants : -La nature et la superficie des locaux \u00e0 \u00e9quiper, -Les contraintes techniques de ces locaux, -Le nombre de serveurs requis, -Le nombre de personnes et de postes de travail \u00e0 relier, -Les besoins en bande passante et [&hellip;]<\/p>\n","protected":false},"author":1,"featured_media":0,"parent":0,"menu_order":0,"comment_status":"closed","ping_status":"closed","template":"template-gutentor-full-width.php","meta":{"footnotes":""},"class_list":["post-1032","page","type-page","status-publish","hentry"],"jetpack_sharing_enabled":true,"_links":{"self":[{"href":"https:\/\/srtcom.com\/index.php?rest_route=\/wp\/v2\/pages\/1032","targetHints":{"allow":["GET"]}}],"collection":[{"href":"https:\/\/srtcom.com\/index.php?rest_route=\/wp\/v2\/pages"}],"about":[{"href":"https:\/\/srtcom.com\/index.php?rest_route=\/wp\/v2\/types\/page"}],"author":[{"embeddable":true,"href":"https:\/\/srtcom.com\/index.php?rest_route=\/wp\/v2\/users\/1"}],"replies":[{"embeddable":true,"href":"https:\/\/srtcom.com\/index.php?rest_route=%2Fwp%2Fv2%2Fcomments&post=1032"}],"version-history":[{"count":55,"href":"https:\/\/srtcom.com\/index.php?rest_route=\/wp\/v2\/pages\/1032\/revisions"}],"predecessor-version":[{"id":1652,"href":"https:\/\/srtcom.com\/index.php?rest_route=\/wp\/v2\/pages\/1032\/revisions\/1652"}],"wp:attachment":[{"href":"https:\/\/srtcom.com\/index.php?rest_route=%2Fwp%2Fv2%2Fmedia&parent=1032"}],"curies":[{"name":"wp","href":"https:\/\/api.w.org\/{rel}","templated":true}]}}