{"id":182,"date":"2019-09-21T13:30:52","date_gmt":"2019-09-21T11:30:52","guid":{"rendered":"http:\/\/localhost:81\/wordpress\/?page_id=182"},"modified":"2022-07-31T09:40:08","modified_gmt":"2022-07-31T07:40:08","slug":"comment-bien-choisir-un-logiciel-erp-pour-une-pme","status":"publish","type":"page","link":"https:\/\/srtcom.com\/?page_id=182","title":{"rendered":"Comment bien choisir un logiciel ERP pour une PME ?"},"content":{"rendered":"<section id=\"section-a61de88a-7227-4976-b6a3-628e9ef69c61\" class=\"wp-block-gutentor-image-slider gutentor-section gutentor-image-slider imageSlider-template1\"><div class=\"gutentor-grid-item-wrap\"><div class=\"gutentor-slider-wrapper\" data-dots=\"false\" data-arrows=\"true\" data-infinite=\"false\" data-nextarrow=\"fas fa-angle-right\" data-prevarrow=\"fas fa-angle-left\" data-autoplay=\"true\" data-autoplayspeed=\"10000\" data-fade=\"false\" data-speed=\"300\"><div class=\"gutentor-slider-item\"><div class=\"gutentor-single-item gutentor-single-item-0\"><div class=\"gutentor-single-item-wrap\"><div class=\"gutentor-single-item-image-box\"><div class=\"gutentor-bg-image\"><\/div><\/div><div class=\"gutentor-single-item-content\"><div class=\"grid-container\"><div class=\"slider-caption text-left\"><\/div><\/div><\/div><\/div><\/div><\/div><\/div><\/div><\/section><section id=\"section-04f99fbd-37f9-487d-b1fc-cb0b4ecfd7be\" class=\"wp-block-gutentor-advanced-columns gutentor-section gutentor-advanced-columns has-color-bg has-custom-bg\"><div class=\"grid-container\"><div class=\"grid-row\"><div id=\"section-acd94546-8417-461f-a72c-2edb5f3313fd\" class=\"wp-block-gutentor-single-column gutentor-single-column  grid-lg-12 grid-md-12 grid-12\"><div id=\"section-516c5947-8f8a-4465-b713-da41eeaa83e6\" class=\"wp-block-gutentor-content-box gutentor-section gutentor-content-box-wrapper content-template1\"><div class=\"grid-container gutentor-rm-ct-space\"><div class=\"grid-row gutentor-grid-item-wrap gutentor-rm-row-space\"><div class=\"gutentor-grid-column grid-lg-12 grid-md-12 grid-12 gutentor-rm-col-space-d\"><div class=\"gutentor-single-item gutentor-single-item-0\"><div class=\"gutentor-single-item-wrap\"><div class=\"gutentor-single-item-content\"><h3 class=\"gutentor-single-item-title\">Comment bien choisir un logiciel ERP pour une PME ?<\/h3><p class=\"gutentor-single-item-desc\"><strong>E<\/strong>RP est le sigle anglais d\u2019Enterprise Ressource Planning. Il est g\u00e9n\u00e9ralement traduit en fran\u00e7ais par PGI : Progiciel de Gestion Int\u00e9gr\u00e9. Un ERP est une solution de gestion d\u2019entreprise int\u00e9gr\u00e9e, c\u2019est-\u00e0-dire construite autour d\u2019une seule et unique base de donn\u00e9es ; r\u00e9f\u00e9rentiel du Syst\u00e8me d\u2019Information de l\u2019entreprise, cette base de donn\u00e9es garantit l\u2019int\u00e9grit\u00e9, la p\u00e9rennit\u00e9 et la \u00ab fraicheur \u00bb des donn\u00e9es, source de toute production mat\u00e9rielle ou immat\u00e9rielle de l\u2019entreprise.<br><br><br>Partag\u00e9e par l\u2019ensemble des collaborateurs, cette base de donn\u00e9es permet la collaboration de tous les acteurs de l\u2019entreprise autour d\u2019informations communes, consult\u00e9es et mises \u00e0 jour par chacun en temps r\u00e9el.<br><br>L\u2019ERP \u00e9tant devenu un \u00ab standard \u00bb du march\u00e9, de nombreux \u00e9diteurs s\u2019en r\u00e9clament. Mais tous ne travaillent pas sur des enregistrements partag\u00e9s dans une base de donn\u00e9es unique<br><strong>Comment bien choisir un logiciel ERP pour une PME ?\u00a0<\/strong>\u00a0 \u00a0<br><strong>L\u2019ERP, l\u2019outil de d\u00e9veloppement par excellence de la PME<\/strong><br>Disposer de la bonne information au bon moment est aujourd\u2019hui facteur cl\u00e9 de succ\u00e8s. L\u2019ERP, qui organise et met \u00e0 disposition de tous en temps r\u00e9el cette information, constitue donc le c\u0153ur de toute strat\u00e9gie de d\u00e9veloppement d\u2019entreprise.<br><br>L\u2019ERP va non seulement irriguer chaque membre de l\u2019entreprise, mais \u00e9galement tous les partenaires de celle-ci. Ces informations sont mises \u00e0 disposition de fa\u00e7on restreinte \u00e0 certains partenaires : extranet, EDI, liaison comptable\u2026 ou largement publi\u00e9es : site internet, \u2026<br>Un ERP pour favoriser la productivit\u00e9 d\u2019une entreprise<br><br>Pas de productivit\u00e9 sans partage de l\u2019information. Pas de partage sans base commune, donc sans num\u00e9risation de l\u2019information. L\u2019ERP est au commencement de toute d\u00e9marche de productivit\u00e9.<br><br>Pos\u00e9e sur un papier, l\u2019information est morte. A peine \u00e9crite, d\u00e9j\u00e0 obsol\u00e8te. Num\u00e9ris\u00e9e, partag\u00e9e, l\u2019information vit et devient f\u00e9conde\u2026.<br><br>L\u2019ERP va ainsi permettre :<br><br>\u00a0\u00a0\u00a0 A chaque collaborateur de disposer en temps r\u00e9el de la bonne information, et de la faire vivre, pour que tous puissent en nourrir leur travail. En supprimant les doubles-saisie, il permet des gains de temps, garanti la coh\u00e9rence. Les collaborateurs pourront ainsi consacrer leur temps \u00e0 des t\u00e2ches \u00e0 valeur ajout\u00e9e : prise de recul, anticipation, r\u00e9flexion, d\u00e9cision, relation.<br><br>\u00a0\u00a0\u00a0 Aux manager de piloter de vraies \u00e9quipes travaillant ensemble autour d\u2019un r\u00e9f\u00e9rentiel commun.<br><br>\u00a0\u00a0\u00a0 A la direction de disposer en temps r\u00e9el d\u2019informations structur\u00e9s \u2013 tableaux de bord, outils de pilotage \u2013 pour prendre les d\u00e9cisions au bon moment en s\u2019appuyant sur le r\u00e9el, c\u2019est \u00e0 dire des informations toujours \u00e0 jour.<br><strong>L\u2019ERP, l\u2019outil de d\u00e9veloppement par excellence de la PME<\/strong><br><br>Disposer de la bonne information au bon moment est aujourd\u2019hui facteur cl\u00e9 de succ\u00e8s. L\u2019ERP, qui organise et met \u00e0 disposition de tous en temps r\u00e9el cette information, constitue donc le c\u0153ur de toute strat\u00e9gie de d\u00e9veloppement d\u2019entreprise.<br><br>L\u2019ERP va non seulement irriguer chaque membre de l\u2019entreprise, mais \u00e9galement tous les partenaires de celle-ci. Ces informations sont mises \u00e0 disposition de fa\u00e7on restreinte \u00e0 certains partenaires : extranet, EDI, liaison comptable\u2026 ou largement publi\u00e9es : site internet, \u2026<br>Un ERP pour favoriser la productivit\u00e9 d\u2019une entreprise<br><br>Pas de productivit\u00e9 sans partage de l\u2019information. Pas de partage sans base commune, donc sans num\u00e9risation de l\u2019information. L\u2019ERP est au commencement de toute d\u00e9marche de productivit\u00e9.<br><br>Pos\u00e9e sur un papier, l\u2019information est morte. A peine \u00e9crite, d\u00e9j\u00e0 obsol\u00e8te. Num\u00e9ris\u00e9e, partag\u00e9e, l\u2019information vit et devient f\u00e9conde\u2026.<br><br>L\u2019ERP va ainsi permettre :<br><br>\u00a0\u00a0\u00a0 A chaque collaborateur de disposer en temps r\u00e9el de la bonne information, et de la faire vivre, pour que tous puissent en nourrir leur travail. En supprimant les doubles-saisie, il permet des gains de temps, garanti la coh\u00e9rence. Les collaborateurs pourront ainsi consacrer leur temps \u00e0 des t\u00e2ches \u00e0 valeur ajout\u00e9e : prise de recul, anticipation, r\u00e9flexion, d\u00e9cision, relation.<br>\u00a0\u00a0\u00a0 Aux manager de piloter de vraies \u00e9quipes travaillant ensemble autour d\u2019un r\u00e9f\u00e9rentiel commun.<br>\u00a0\u00a0\u00a0 A la direction de disposer en temps r\u00e9el d\u2019informations structur\u00e9s \u2013 tableaux de bord, outils de pilotage \u2013 pour prendre les d\u00e9cisions au bon moment en s\u2019appuyant sur le r\u00e9el, c\u2019est \u00e0 dire des informations toujours \u00e0 jour.<br><br>Un ERP personnalisable pour faciliter son utilisation<br><br>Les clients de Gestimum ERP vous diront surtout que s\u2019ils ont gagn\u00e9 en productivit\u00e9, c\u2019est d\u2019abord parce que leur travail quotidien est devenu plaisir.<br><br>Plaisir de disposer de la bonne information sans avoir \u00e0 courir apr\u00e8s sans savoir exactement o\u00f9 elle se trouve, ni si elle est \u00e0 jour, plaisir de partager l\u2019information, plaisir de se consacrer enti\u00e8rement \u00e0 son m\u00e9tier, plaisir de d\u00e9velopper son savoir-faire et son savoir-\u00eatre, en laissant \u00e0 l\u2019informatique le soin de g\u00e9rer, calculer, mettre en forme, partager, s\u00e9curiser l\u2019information, plaisir d\u2019un bureau sans papiers \u2026<br><br>Chez GESTIMUM, nous sommes convaincus que le principal facteur de productivit\u00e9 est le plaisir que nous prenons \u00e0 faire notre m\u00e9tier ; c\u2019est pourquoi nos d\u00e9veloppeurs ne travaillent pas seulement sur la richesse fonctionnelle, mais \u00e9galement et surtout sur la construction d\u2019interfaces personnalisables intuitives, modernes et plaisantes \u00e0 utiliser au quotidien parce que le principe de l\u2019ERP, c\u2019est qu\u2019il soit utilis\u00e9 en continu.<br>Disposer d\u2019un ERP augmente la valeur de votre PME<br><br>Peu d\u2019entrepreneurs le r\u00e9alisent \u00e0 temps. L\u2019investissement r\u00e9alis\u00e9 dans un ERP est bien souvent valoris\u00e9 10 fois son co\u00fbt lors de la revente d\u2019une entreprise.<br><br>D\u2019une part vous valoriserez d\u2019autant mieux votre parc clients \/ prospects \/ fournisseurs que vous disposerez dans votre ERP \/ CRM d\u2019\u00e9l\u00e9ments tangibles appuyant vos dires.<br><br>D\u2019autre part, votre futur acqu\u00e9reur, qui n\u2019a pas votre exp\u00e9rience de fonctionnement de l\u2019entreprise appr\u00e9ciera grandement de pouvoir disposer d\u2019un syst\u00e8me d\u2019information lui permettant de prendre rapidement les bonnes d\u00e9cisions.<br><br>Enfin un ERP, parce qu\u2019il structure votre capital immat\u00e9riel (et notamment tout ce qui concerne vos relations avec vos fournisseurs, clients, partenaires, historique de vos stocks, etc \u2026), permet de lui donner une v\u00e9ritable valeur. A contrario, ce qui est dans la t\u00eate des dirigeants qui quittent l\u2019entreprise ne sera jamais valoris\u00e9 par un futur acqu\u00e9reur \u2026<\/p><\/div><\/div><\/div><\/div><\/div><\/div><\/div>\n\n<figure class=\"wp-block-embed is-type-video is-provider-youtube wp-block-embed-youtube wp-embed-aspect-16-9 wp-has-aspect-ratio\"><div class=\"wp-block-embed__wrapper\">\n<div class=\"epyt-video-wrapper\"><div  style=\"display: block; margin: 0px auto;\"  id=\"_ytid_17720\"  width=\"1170\" height=\"658\"  data-origwidth=\"1170\" data-origheight=\"658\" data-facadesrc=\"https:\/\/www.youtube.com\/embed\/YFJbYdrFT4I?enablejsapi=1&#038;autoplay=0&#038;cc_load_policy=0&#038;cc_lang_pref=&#038;iv_load_policy=1&#038;loop=0&#038;modestbranding=1&#038;rel=1&#038;fs=1&#038;playsinline=0&#038;autohide=2&#038;theme=dark&#038;color=red&#038;controls=1&#038;\" class=\"__youtube_prefs__ epyt-facade epyt-is-override  no-lazyload\" data-epautoplay=\"1\" ><img decoding=\"async\" data-spai-excluded=\"true\" class=\"epyt-facade-poster skip-lazy\" loading=\"lazy\"  alt=\"YouTube player\"  src=\"https:\/\/i.ytimg.com\/vi\/YFJbYdrFT4I\/maxresdefault.jpg\"  \/><button class=\"epyt-facade-play\" aria-label=\"Play\"><svg data-no-lazy=\"1\" height=\"100%\" version=\"1.1\" viewBox=\"0 0 68 48\" width=\"100%\"><path class=\"ytp-large-play-button-bg\" d=\"M66.52,7.74c-0.78-2.93-2.49-5.41-5.42-6.19C55.79,.13,34,0,34,0S12.21,.13,6.9,1.55 C3.97,2.33,2.27,4.81,1.48,7.74C0.06,13.05,0,24,0,24s0.06,10.95,1.48,16.26c0.78,2.93,2.49,5.41,5.42,6.19 C12.21,47.87,34,48,34,48s21.79-0.13,27.1-1.55c2.93-0.78,4.64-3.26,5.42-6.19C67.94,34.95,68,24,68,24S67.94,13.05,66.52,7.74z\" fill=\"#f00\"><\/path><path d=\"M 45,24 27,14 27,34\" fill=\"#fff\"><\/path><\/svg><\/button><\/div><\/div>\n<\/div><\/figure><\/div><\/div><\/div><\/section><section class=\"gutentor-section gutentor-blog-post-wrapper blog-template1 wp-block-gutentor-blog-post\" id=\"section-f3410563-a49c-4469-8a51-168fba932cfc\" >\n<div class='grid-container'><div class=\"gutentor-block-header\"><div class=\"gutentor-section-title  seperator-bottom text-center \"  >\n<h2 class=\"gutentor-title\">\n Nouveaux articles<\/h2>\n<\/div>\n<\/div><div class='gutentor-grid-item-wrap '  ><div class='grid-row ' ><article class='gutentor-post-has-thumb  grid-lg-4 grid-md-4 grid-12 blog-grid'><div class=\"gutentor-single-item\"><div class=\"gutentor-single-item-image-box\"><div class=\"gutentor-image-thumb\"><div class='overlay'><\/div><\/div><\/div><div class=\"gutentor-post-content\"><h5 class=\"gutentor-single-item-title\"><a href=\"https:\/\/srtcom.com\/?p=164\" rel=\"bookmark\">Pr\u00e9sentation de gestimum<\/a><\/h5><div class=\"entry-meta\"><div class=\"posted-on\"><i class=\"far fa-calendar-alt\"><\/i><a href=\"https:\/\/srtcom.com\/?p=164\" rel=\"bookmark\">21 septembre 2019<\/a><\/div><div class=\"cat-links\"><i class=\"fas fa-tags\"><\/i><a href=\"https:\/\/srtcom.com\/?cat=3\" rel=\"category\">Gestimum<\/a>, <a href=\"https:\/\/srtcom.com\/?cat=1\" rel=\"category\">Non class\u00e9<\/a><\/div><\/div><div class=\"gutentor-post-excerpt gutentor-single-item-desc\"><p class='gutentor-single-item-desc'>De la gestion de la relation clients \u00e0 la gestion commerciale des achats, des stocks et des ventes j&hellip;<\/p><\/div><\/div><\/div><\/article><article class='gutentor-post-has-thumb  grid-lg-4 grid-md-4 grid-12 blog-grid'><div class=\"gutentor-single-item\"><div class=\"gutentor-single-item-image-box\"><div class=\"gutentor-image-thumb\"><div class='overlay'><\/div><\/div><\/div><div class=\"gutentor-post-content\"><h5 class=\"gutentor-single-item-title\"><a href=\"https:\/\/srtcom.com\/?p=160\" rel=\"bookmark\">Gestimum Gestion Commerciale<\/a><\/h5><div class=\"entry-meta\"><div class=\"posted-on\"><i class=\"far fa-calendar-alt\"><\/i><a href=\"https:\/\/srtcom.com\/?p=160\" rel=\"bookmark\">20 septembre 2019<\/a><\/div><div class=\"cat-links\"><i class=\"fas fa-tags\"><\/i><a href=\"https:\/\/srtcom.com\/?cat=3\" rel=\"category\">Gestimum<\/a><\/div><\/div><div class=\"gutentor-post-excerpt gutentor-single-item-desc\"><p class='gutentor-single-item-desc'>La gestion de vos processus de cr\u00e9ation de valeur. Enrichissez votre base de prospection, d\u00e9ployez v&hellip;<\/p><\/div><\/div><\/div><\/article><article class='gutentor-post-has-thumb  grid-lg-4 grid-md-4 grid-12 blog-grid'><div class=\"gutentor-single-item\"><div class=\"gutentor-single-item-image-box\"><div class=\"gutentor-image-thumb\"><div class='overlay'><\/div><\/div><\/div><div class=\"gutentor-post-content\"><h5 class=\"gutentor-single-item-title\"><a href=\"https:\/\/srtcom.com\/?p=155\" rel=\"bookmark\">Accueil<\/a><\/h5><div class=\"entry-meta\"><div class=\"posted-on\"><i class=\"far fa-calendar-alt\"><\/i><a href=\"https:\/\/srtcom.com\/?p=155\" rel=\"bookmark\">20 septembre 2019<\/a><\/div><div class=\"cat-links\"><i class=\"fas fa-tags\"><\/i><a href=\"https:\/\/srtcom.com\/?cat=1\" rel=\"category\">Non class\u00e9<\/a><\/div><\/div><div class=\"gutentor-post-excerpt gutentor-single-item-desc\"><p class='gutentor-single-item-desc'>Logiciel de gestion Gestimum ERP \n\n\n\n Gestimum ERP, le premier choix des PME qui cherchent&nbsp; :\n\n&hellip;<\/p><\/div><\/div><\/div><\/article><\/div><\/div><\/div><\/section>","protected":false},"excerpt":{"rendered":"","protected":false},"author":1,"featured_media":0,"parent":0,"menu_order":0,"comment_status":"closed","ping_status":"closed","template":"template-gutentor-full-width.php","meta":{"footnotes":""},"class_list":["post-182","page","type-page","status-publish","hentry"],"jetpack_sharing_enabled":true,"_links":{"self":[{"href":"https:\/\/srtcom.com\/index.php?rest_route=\/wp\/v2\/pages\/182","targetHints":{"allow":["GET"]}}],"collection":[{"href":"https:\/\/srtcom.com\/index.php?rest_route=\/wp\/v2\/pages"}],"about":[{"href":"https:\/\/srtcom.com\/index.php?rest_route=\/wp\/v2\/types\/page"}],"author":[{"embeddable":true,"href":"https:\/\/srtcom.com\/index.php?rest_route=\/wp\/v2\/users\/1"}],"replies":[{"embeddable":true,"href":"https:\/\/srtcom.com\/index.php?rest_route=%2Fwp%2Fv2%2Fcomments&post=182"}],"version-history":[{"count":33,"href":"https:\/\/srtcom.com\/index.php?rest_route=\/wp\/v2\/pages\/182\/revisions"}],"predecessor-version":[{"id":1813,"href":"https:\/\/srtcom.com\/index.php?rest_route=\/wp\/v2\/pages\/182\/revisions\/1813"}],"wp:attachment":[{"href":"https:\/\/srtcom.com\/index.php?rest_route=%2Fwp%2Fv2%2Fmedia&parent=182"}],"curies":[{"name":"wp","href":"https:\/\/api.w.org\/{rel}","templated":true}]}}