{"id":1830,"date":"2022-07-31T10:38:06","date_gmt":"2022-07-31T08:38:06","guid":{"rendered":"https:\/\/srtcom.com\/page-daccueil-3\/"},"modified":"2022-09-27T15:06:22","modified_gmt":"2022-09-27T13:06:22","slug":"boutique-kaspersky","status":"publish","type":"page","link":"https:\/\/srtcom.com\/?page_id=1830","title":{"rendered":"Boutique kaspersky"},"content":{"rendered":"<div class=\"wp-block-cover\"><span aria-hidden=\"true\" class=\"wp-block-cover__background has-background-dim-0 has-background-dim\"><\/span><img fetchpriority=\"high\" decoding=\"async\" width=\"1920\" height=\"1280\" class=\"wp-block-cover__image-background wp-image-1831\" alt=\"\" src=\"https:\/\/srtcom.com\/wp-content\/uploads\/2022\/07\/other-small-2.jpg\" style=\"object-position:55% 27%\" data-object-fit=\"cover\" data-object-position=\"55% 27%\" srcset=\"https:\/\/srtcom.com\/wp-content\/uploads\/2022\/07\/other-small-2.jpg 1920w, https:\/\/srtcom.com\/wp-content\/uploads\/2022\/07\/other-small-2-600x400.jpg 600w, https:\/\/srtcom.com\/wp-content\/uploads\/2022\/07\/other-small-2-300x200.jpg 300w, https:\/\/srtcom.com\/wp-content\/uploads\/2022\/07\/other-small-2-1024x683.jpg 1024w, https:\/\/srtcom.com\/wp-content\/uploads\/2022\/07\/other-small-2-768x512.jpg 768w, https:\/\/srtcom.com\/wp-content\/uploads\/2022\/07\/other-small-2-1536x1024.jpg 1536w, https:\/\/srtcom.com\/wp-content\/uploads\/2022\/07\/other-small-2-1320x880.jpg 1320w\" sizes=\"(max-width: 1920px) 100vw, 1920px\" \/><div class=\"wp-block-cover__inner-container is-layout-flow wp-block-cover-is-layout-flow\"><p class=\"has-text-align-center has-white-color has-text-color has-x-large-font-size\">Kaspersky<\/p>\n\n<p class=\"has-text-align-center has-white-color has-text-color has-medium-font-size\">Bienvenus dans notre boutique <\/p><\/div><\/div><h2 class=\"has-text-align-center wp-block-heading\">Nouveaux produits<\/h2><section class=\"gutentor-post-module section-c5507a01-9271-433e-b04a-18eae0cebe40 gutentor-post-module-p1 gutentor_p1_template1 wp-block-gutentor-p1  gutentor-cat-pos-img-top-left gutentor-blog-grid\" id=\"product-1\" data-gbid=\"c5507a01-9271-433e-b04a-18eae0cebe40\" >\n<div class='grid-container  gutentor-rm-ct-space'><div class='grid-row' ><article class='gutentor-post  grid-lg-4 grid-md-4 grid-12'><div class='gutentor-post-item'><div class='gutentor-post-image-box'><div class=\"gutentor-image-thumb\"><img decoding=\"async\" width=\"1920\" height=\"1280\" src=\"https:\/\/srtcom.com\/wp-content\/uploads\/2022\/07\/domenico-loia-EhTcC9sYXsw-unsplash1-1.jpg\" class=\"attachment-full size-full\" alt=\"Site Web e-commerce\" srcset=\"https:\/\/srtcom.com\/wp-content\/uploads\/2022\/07\/domenico-loia-EhTcC9sYXsw-unsplash1-1.jpg 1920w, https:\/\/srtcom.com\/wp-content\/uploads\/2022\/07\/domenico-loia-EhTcC9sYXsw-unsplash1-1-600x400.jpg 600w, https:\/\/srtcom.com\/wp-content\/uploads\/2022\/07\/domenico-loia-EhTcC9sYXsw-unsplash1-1-300x200.jpg 300w, https:\/\/srtcom.com\/wp-content\/uploads\/2022\/07\/domenico-loia-EhTcC9sYXsw-unsplash1-1-1024x683.jpg 1024w, https:\/\/srtcom.com\/wp-content\/uploads\/2022\/07\/domenico-loia-EhTcC9sYXsw-unsplash1-1-768x512.jpg 768w, https:\/\/srtcom.com\/wp-content\/uploads\/2022\/07\/domenico-loia-EhTcC9sYXsw-unsplash1-1-1536x1024.jpg 1536w\" sizes=\"(max-width: 1920px) 100vw, 1920px\" \/><\/div><div class=\"gutentor-categories\"><div class=\"post-category gutentor-wc-on-sale-wrap\"><span class=\"onsale\">Sale!<\/span><\/div><\/div><\/div><div class=\"gutentor-entry-meta gutentor-entry-meta-primary\"><div class=\"author vcard\"><i class=\"far fa-user\"><\/i><a href=\"https:\/\/srtcom.com\/?product=site-web-e-commerce\" rel=\"bookmark\">srtcom<\/a><\/div><\/div><div class=\"gutentor-post-title-data-wrap\"><h3 class=\"gutentor-post-title\"><a href=\"https:\/\/srtcom.com\/?product=site-web-e-commerce\" rel=\"bookmark\">Site Web e-commerce<\/a><\/h3><\/div><div class=\"gutentor-wc-price\"><del aria-hidden=\"true\"><span class=\"woocommerce-Price-amount amount\"><bdi><span class=\"woocommerce-Price-currencySymbol\">&#x62f;.&#x62c;<\/span>&nbsp;75.000,00<\/bdi><\/span><\/del> <span class=\"screen-reader-text\">Le prix initial \u00e9tait\u00a0: &#x62f;.&#x62c;&nbsp;75.000,00.<\/span><ins aria-hidden=\"true\"><span class=\"woocommerce-Price-amount amount\"><bdi><span class=\"woocommerce-Price-currencySymbol\">&#x62f;.&#x62c;<\/span>&nbsp;62.000,00<\/bdi><\/span><\/ins><span class=\"screen-reader-text\">Le prix actuel est\u00a0: &#x62f;.&#x62c;&nbsp;62.000,00.<\/span><\/div><div class=\"gutentor-post-desc\">Cr\u00e9ation de site web E-commerce&hellip;<\/div><div class='gutentor-woo-add-to-cart wc-block-grid__product-add-to-cart'><a href=\"?add-to-cart=2199\" data-quantity=\"1\" \r\n\t\t\tclass=\"gutentor-button gutentor-post-button button product_type_simple add_to_cart_button ajax_add_to_cart gutentor-icon-hide\" data-product_id=\"2199\" data-product_sku=\"\" aria-label=\"Ajouter au panier\u00a0: &ldquo;Site Web e-commerce&rdquo;\" rel=\"nofollow\" data-success_message=\"\u00ab\u00a0Site Web e-commerce\u00a0\u00bb a \u00e9t\u00e9 ajout\u00e9 \u00e0 votre panier\">\r\n\t\t\t<span>Ajouter au panier<\/span><\/a>\t<span id=\"woocommerce_loop_add_to_cart_link_describedby_2199\" class=\"screen-reader-text\">\n\t\t\t<\/span>\n<\/div><\/div><\/article><article class='gutentor-post  grid-lg-4 grid-md-4 grid-12'><div class='gutentor-post-item'><div class='gutentor-post-image-box'><div class=\"gutentor-image-thumb\"><img decoding=\"async\" width=\"225\" height=\"249\" src=\"https:\/\/srtcom.com\/wp-content\/uploads\/2022\/07\/product-box-kts.png\" class=\"attachment-full size-full\" alt=\"KasperskyTotal Security\" \/><\/div><\/div><div class=\"gutentor-entry-meta gutentor-entry-meta-primary\"><div class=\"author vcard\"><i class=\"far fa-user\"><\/i><a href=\"https:\/\/srtcom.com\/?product=kasperskytotal-security\" rel=\"bookmark\">srtcom<\/a><\/div><\/div><div class=\"gutentor-post-title-data-wrap\"><h3 class=\"gutentor-post-title\"><a href=\"https:\/\/srtcom.com\/?product=kasperskytotal-security\" rel=\"bookmark\">KasperskyTotal Security<\/a><\/h3><\/div><div class=\"gutentor-wc-price\"><span class=\"woocommerce-Price-amount amount\"><bdi><span class=\"woocommerce-Price-currencySymbol\">&#x62f;.&#x62c;<\/span>&nbsp;50.000,00<\/bdi><\/span><\/div><div class=\"gutentor-post-desc\">Suite compl\u00e8te de s\u00e9curit\u00e9 et confidentialit\u00e9 pour PC, Mac et mobile&hellip;<\/div><div class='gutentor-woo-add-to-cart wc-block-grid__product-add-to-cart'><a href=\"?add-to-cart=1885\" data-quantity=\"1\" \r\n\t\t\tclass=\"gutentor-button gutentor-post-button button product_type_simple add_to_cart_button ajax_add_to_cart gutentor-icon-hide\" data-product_id=\"1885\" data-product_sku=\"\" aria-label=\"Ajouter au panier\u00a0: &ldquo;KasperskyTotal Security&rdquo;\" rel=\"nofollow\" data-success_message=\"\u00ab\u00a0KasperskyTotal Security\u00a0\u00bb a \u00e9t\u00e9 ajout\u00e9 \u00e0 votre panier\">\r\n\t\t\t<span>Ajouter au panier<\/span><\/a>\t<span id=\"woocommerce_loop_add_to_cart_link_describedby_1885\" class=\"screen-reader-text\">\n\t\t\t<\/span>\n<\/div><\/div><\/article><article class='gutentor-post  grid-lg-4 grid-md-4 grid-12'><div class='gutentor-post-item'><div class='gutentor-post-image-box'><div class=\"gutentor-image-thumb\"><img loading=\"lazy\" decoding=\"async\" width=\"225\" height=\"249\" src=\"https:\/\/srtcom.com\/wp-content\/uploads\/2022\/07\/product-box-kismd.png\" class=\"attachment-full size-full\" alt=\"KasperskyInternet Security\" \/><\/div><\/div><div class=\"gutentor-entry-meta gutentor-entry-meta-primary\"><div class=\"author vcard\"><i class=\"far fa-user\"><\/i><a href=\"https:\/\/srtcom.com\/?product=kasperskyinternet-security\" rel=\"bookmark\">srtcom<\/a><\/div><\/div><div class=\"gutentor-post-title-data-wrap\"><h3 class=\"gutentor-post-title\"><a href=\"https:\/\/srtcom.com\/?product=kasperskyinternet-security\" rel=\"bookmark\">KasperskyInternet Security<\/a><\/h3><\/div><div class=\"gutentor-wc-price\"><span class=\"woocommerce-Price-amount amount\"><bdi><span class=\"woocommerce-Price-currencySymbol\">&#x62f;.&#x62c;<\/span>&nbsp;40.000,00<\/bdi><\/span><\/div><div class=\"gutentor-post-desc\">D\u00e9sinfecte votre PC quand vous ne pouvez pas lancer le syst\u00e8me d\u2019exploitation&hellip;<\/div><div class='gutentor-woo-add-to-cart wc-block-grid__product-add-to-cart'><a href=\"?add-to-cart=1856\" data-quantity=\"1\" \r\n\t\t\tclass=\"gutentor-button gutentor-post-button button product_type_simple add_to_cart_button ajax_add_to_cart gutentor-icon-hide\" data-product_id=\"1856\" data-product_sku=\"\" aria-label=\"Ajouter au panier\u00a0: &ldquo;KasperskyInternet Security&rdquo;\" rel=\"nofollow\" data-success_message=\"\u00ab\u00a0KasperskyInternet Security\u00a0\u00bb a \u00e9t\u00e9 ajout\u00e9 \u00e0 votre panier\">\r\n\t\t\t<span>Ajouter au panier<\/span><\/a>\t<span id=\"woocommerce_loop_add_to_cart_link_describedby_1856\" class=\"screen-reader-text\">\n\t\t\t<\/span>\n<\/div><\/div><\/article><article class='gutentor-post  grid-lg-4 grid-md-4 grid-12'><div class='gutentor-post-item'><div class='gutentor-post-image-box'><div class=\"gutentor-image-thumb\"><img loading=\"lazy\" decoding=\"async\" width=\"225\" height=\"249\" src=\"https:\/\/srtcom.com\/wp-content\/uploads\/2022\/07\/product-box-kav.png\" class=\"attachment-full size-full\" alt=\"Kaspersky Anti-Virus\" \/><\/div><\/div><div class=\"gutentor-entry-meta gutentor-entry-meta-primary\"><div class=\"author vcard\"><i class=\"far fa-user\"><\/i><a href=\"https:\/\/srtcom.com\/?product=kaspersky-anti-virus\" rel=\"bookmark\">srtcom<\/a><\/div><div class=\"comments-link\"><i class=\"fas fa-comment\"><\/i>1<\/div><\/div><div class=\"gutentor-post-title-data-wrap\"><h3 class=\"gutentor-post-title\"><a href=\"https:\/\/srtcom.com\/?product=kaspersky-anti-virus\" rel=\"bookmark\">Kaspersky Anti-Virus<\/a><\/h3><\/div><div class=\"gutentor-wc-price\"><span class=\"woocommerce-Price-amount amount\"><bdi><span class=\"woocommerce-Price-currencySymbol\">&#x62f;.&#x62c;<\/span>&nbsp;23.000,00<\/bdi><\/span><\/div><div class=\"gutentor-post-desc\">La protection antivirus essentielle pour votre PC Windows&hellip;<\/div><div class='gutentor-woo-add-to-cart wc-block-grid__product-add-to-cart'><a href=\"?add-to-cart=1823\" data-quantity=\"1\" \r\n\t\t\tclass=\"gutentor-button gutentor-post-button button product_type_simple add_to_cart_button ajax_add_to_cart gutentor-icon-hide\" data-product_id=\"1823\" data-product_sku=\"\" aria-label=\"Ajouter au panier\u00a0: &ldquo;Kaspersky Anti-Virus&rdquo;\" rel=\"nofollow\" data-success_message=\"\u00ab\u00a0Kaspersky Anti-Virus\u00a0\u00bb a \u00e9t\u00e9 ajout\u00e9 \u00e0 votre panier\">\r\n\t\t\t<span>Ajouter au panier<\/span><\/a>\t<span id=\"woocommerce_loop_add_to_cart_link_describedby_1823\" class=\"screen-reader-text\">\n\t\t\t<\/span>\n<\/div><\/div><\/article><\/div><\/div><\/section><div data-block-name=\"woocommerce\/featured-product\" data-edit-mode=\"false\" data-product-id=\"1856\" class=\"wc-block-featured-product alignnone has-background-dim wp-block-woocommerce-featured-product\" style=\"min-height:500px;\"><div class=\"wc-block-featured-product__wrapper\"><div class=\"background-dim__overlay\" style=\"background-color: #000000\"><\/div><img decoding=\"async\" alt=\"KasperskyInternet Security\" class=\"wc-block-featured-product__background-image\" src=\"https:\/\/srtcom.com\/wp-content\/uploads\/2022\/07\/product-box-kismd.png\" style=\"object-fit: none;object-position: 50% 50%;\" \/><h2 class=\"wc-block-featured-product__title\">KasperskyInternet Security<\/h2><div class=\"wc-block-featured-product__description\"><p>D\u00e9sinfecte votre PC quand vous ne pouvez pas lancer le syst\u00e8me d\u2019exploitation<\/p>\n<\/div><div class=\"wc-block-featured-product__price\"><span class=\"woocommerce-Price-amount amount\"><span class=\"woocommerce-Price-currencySymbol\">&#x62f;.&#x62c;<\/span>&nbsp;40.000,00<\/span><\/div><div class=\"wc-block-featured-product__link\">\n<div class=\"wp-block-buttons is-content-justification-center is-layout-flex wp-container-core-buttons-is-layout-16018d1d wp-block-buttons-is-layout-flex\"><div class=\"wp-block-button\"><a class=\"wp-block-button__link\" href=\"https:\/\/srtcom.com\/produit\/kasperskyinternet-security\/\">Acheter maintenant<\/a><\/div><\/div>\n<\/div><\/div><\/div>","protected":false},"excerpt":{"rendered":"<p>Nouveaux produits<\/p>\n","protected":false},"author":1,"featured_media":0,"parent":0,"menu_order":0,"comment_status":"closed","ping_status":"closed","template":"template-gutentor-full-width.php","meta":{"footnotes":""},"class_list":["post-1830","page","type-page","status-publish","hentry"],"jetpack_sharing_enabled":true,"_links":{"self":[{"href":"https:\/\/srtcom.com\/index.php?rest_route=\/wp\/v2\/pages\/1830","targetHints":{"allow":["GET"]}}],"collection":[{"href":"https:\/\/srtcom.com\/index.php?rest_route=\/wp\/v2\/pages"}],"about":[{"href":"https:\/\/srtcom.com\/index.php?rest_route=\/wp\/v2\/types\/page"}],"author":[{"embeddable":true,"href":"https:\/\/srtcom.com\/index.php?rest_route=\/wp\/v2\/users\/1"}],"replies":[{"embeddable":true,"href":"https:\/\/srtcom.com\/index.php?rest_route=%2Fwp%2Fv2%2Fcomments&post=1830"}],"version-history":[{"count":16,"href":"https:\/\/srtcom.com\/index.php?rest_route=\/wp\/v2\/pages\/1830\/revisions"}],"predecessor-version":[{"id":2019,"href":"https:\/\/srtcom.com\/index.php?rest_route=\/wp\/v2\/pages\/1830\/revisions\/2019"}],"wp:attachment":[{"href":"https:\/\/srtcom.com\/index.php?rest_route=%2Fwp%2Fv2%2Fmedia&parent=1830"}],"curies":[{"name":"wp","href":"https:\/\/api.w.org\/{rel}","templated":true}]}}