{"id":306,"date":"2019-09-25T21:04:48","date_gmt":"2019-09-25T19:04:48","guid":{"rendered":"http:\/\/localhost:81\/wordpress\/?page_id=306"},"modified":"2024-10-15T11:34:27","modified_gmt":"2024-10-15T09:34:27","slug":"erp-gestimum","status":"publish","type":"page","link":"https:\/\/srtcom.com\/?page_id=306","title":{"rendered":"ERP Gestimum"},"content":{"rendered":"<section id=\"section-19c37103-515c-4132-af43-eb948aa109cf\" class=\"wp-block-gutentor-image-slider gutentor-section gutentor-image-slider imageSlider-template1\"><div class=\"gutentor-grid-item-wrap\"><div class=\"gutentor-slider-wrapper\" data-dots=\"true\" data-arrows=\"true\" data-infinite=\"false\" data-nextarrow=\"fas fa-angle-right\" data-prevarrow=\"fas fa-angle-left\" data-autoplay=\"true\" data-autoplayspeed=\"5000\" data-fade=\"false\" data-speed=\"1500\"><div class=\"gutentor-slider-item\"><div class=\"gutentor-single-item gutentor-single-item-0\"><div class=\"gutentor-single-item-wrap\"><div class=\"gutentor-single-item-image-box\"><div class=\"gutentor-bg-image\"><div class=\"overlay\"><\/div><\/div><\/div><div class=\"gutentor-single-item-content\"><div class=\"grid-container\"><div class=\"slider-caption text-left\"><h2 class=\"gutentor-single-item-title\"><br><br><br>ERP Gestimum<\/h2><p class=\"gutentor-single-item-desc\">GESTIMUM est une solution de gestion puissante, ouverte et int\u00e9gr\u00e9e, fonctionnant avec une base de donn\u00e9e unique sous Microsoft SQL Server, en mode client server.<\/p><\/div><\/div><\/div><\/div><\/div><\/div><\/div><\/div><\/section><div id=\"section-444ee2c1-248a-48bc-8587-964cc3f3992b\" class=\"wp-block-gutentor-content-box gutentor-section gutentor-content-box-wrapper content-template1\"><div class=\"grid-container gutentor-rm-ct-space\"><div class=\"grid-row gutentor-grid-item-wrap gutentor-rm-row-space\"><div class=\"gutentor-grid-column grid-lg-12 grid-md-12 grid-12 gutentor-rm-col-space-d\"><div class=\"gutentor-single-item gutentor-single-item-0\"><div class=\"gutentor-single-item-wrap\"><div class=\"gutentor-single-item-content\"><h3 class=\"gutentor-single-item-title\"><strong>Pr\u00e9sentation de Gestimum :<\/strong><\/h3><p class=\"gutentor-single-item-desc\">De la gestion de la relation clients \u00e0 la gestion commerciale des achats, des stocks et des ventes jusqu\u2019\u00e0 la gestion comptable et fiscale de la PME\/PMI, l&rsquo;\u00e9diteur GESTIMUM dispose d&rsquo;une gamme de progiciels de gestion int\u00e9gr\u00e9e qui couvre l&rsquo;ensemble des besoins, \u00e0 la fois complexes et sp\u00e9cifiques, des PME\/PMI, de 30 \u00e0 300 salari\u00e9s et des TPE \u00e0 forte volum\u00e9trie, soucieuses d&rsquo;optimiser leurs processus op\u00e9rationnels et accro\u00eetre leur r\u00e9activit\u00e9, flexibilit\u00e9 et productivit\u00e9.<br>A ce titre, GESTIMUM s&rsquo;illustre des autres acteurs du march\u00e9 par son offre logicielle en mode acquisition de licences (sans droit d\u2019entr\u00e9e et sans droit d\u2019utilisation annuel) qui associe une grande richesse fonctionnelle, un concentr\u00e9 des technologies les plus innovantes, une grande simplicit\u00e9 d&rsquo;utilisation, fonctionnant en mode client serveur sur Microsoft SQL Server, \u00e0 un rapport qualit\u00e9\/prix in\u00e9gal\u00e9.<br>Aujourd&rsquo;hui, GESTIMUM Gestion Commerciale PME et son extension la Gestion Comptable et Financi\u00e8re GESTIMUM PME comptent d\u00e9j\u00e0 plus de 1 000 entreprises.<br>Les 10 points fortsGESTIMUM est une solution de gestion puissante, ouverte et int\u00e9gr\u00e9e, fonctionnant avec une base de donn\u00e9e unique sous Microsoft SQL Server, en mode client server.<br>Une richesse fonctionnelle in\u00e9gal\u00e9e pour une ma\u00eetrise totale de votre activit\u00e9 commerciale et de votre comptabilit\u00e9<br>Tarification \u00e9labor\u00e9e : grilles, promotions, remises sur quantit\u00e9<br>Structure de gammes de produit sans limite de nombre, jusqu&rsquo;\u00e0 neuf niveau : taille, couleur \u2026<br>Gestion rigoureuse des stocks. 6 m\u00e9thodes possibles de valorisation des stocks : non valoris\u00e9, PMP, PMA, DPA, FIFO, LIFO \u2026<br>Affichage ergonomique des journaux avec le Centralisateur<br>Analyse pr\u00e9cise des rapprochements bancaires avec tra\u00e7abilit\u00e9, historique, \u00e9dition de rapports par relev\u00e9s ou par p\u00e9riodes \u2026<br>Une int\u00e9gration \u00e9troite pour plus d&rsquo;efficacit\u00e9 et de puissance<br>Saisie en une seule fois des informations qui deviennent disponibles en temps r\u00e9el en gestion commerciale et en comptabilit\u00e9<br>Traitement identique des \u00e9ch\u00e9ances, paiements et r\u00e8glements dans les deux applications<br>Utilisation dynamique d&rsquo;un grand nombre de devises (cours, historique)<br>Import et export de donn\u00e9es dans les formats majeurs du march\u00e9<br>Travail individuel ou en groupe gr\u00e2ce au mode Client\/Server et \u00e0 la base Microsoft\u00ae SQL Server\u2122<br><\/p><\/div><\/div><\/div><\/div><\/div><\/div><\/div><section id=\"section-8a239e5b-ea6f-4e6b-a15f-250e040fa932\" class=\"wp-block-gutentor-image-box gutentor-section gutentor-image-wrapper imagebox-template1 has-color-bg has-custom-bg\"><div class=\"grid-container\"><div class=\"gutentor-block-header\"><div class=\"gutentor-section-title enable-title-design seperator-bottom text-center\"><h2 class=\"gutentor-title\"> Pourquoi choisir Gestimum ?<\/h2><\/div><\/div><div class=\"grid-row gutentor-grid-item-wrap\"><div class=\"gutentor-grid-column grid-lg-4 grid-md-4 grid-12\"><div class=\"gutentor-single-item gutentor-image gutentor-single-item-0\"><div class=\"gutentor-single-item-wrap\"><div class=\"gutentor-single-item-image-box\"><div class=\"gutentor-image-thumb\"><img fetchpriority=\"high\" decoding=\"async\" class=\"normal-image\" src=\"https:\/\/srtcom.com\/wp-content\/uploads\/2022\/07\/gescommerce-3.jpg\" alt=\"\" height=\"233\" width=\"350\"\/><\/div><\/div><div class=\"gutentor-single-item-content\"><h4 class=\"gutentor-single-item-title\"><strong>Gestimum gestion commerciale <\/strong><\/h4><p class=\"gutentor-single-item-desc\">La gestion de vos processus de cr\u00e9ation de valeur. Enrichissez votre base de prospection, d\u00e9ployez vos actions commerciales, suivez vos devis, convertissez vos prospects en clients. Optimisez vos stocks, d\u00e9p\u00f4ts, livraisons, organisez vos articles, vos grilles de tarifs, vos abonnements.<\/p><a class=\"gutentor-button gutentor-single-item-button gutentor-icon-after\" href=\"https:\/\/srtcom.com\/gestimum-gestion-commerciale\/\"><i class=\"gutentor-button-icon fas fa-long-arrow-alt-right\"><\/i><span>Lire plus<\/span><\/a><\/div><\/div><\/div><\/div><div class=\"gutentor-grid-column grid-lg-4 grid-md-4 grid-12\"><div class=\"gutentor-single-item gutentor-image gutentor-single-item-1\"><div class=\"gutentor-single-item-wrap\"><div class=\"gutentor-single-item-image-box\"><div class=\"gutentor-image-thumb\"><img decoding=\"async\" class=\"normal-image\" src=\"https:\/\/srtcom.com\/wp-content\/uploads\/2022\/07\/erp-copie.jpg\" alt=\"\" height=\"233\" width=\"350\"\/><\/div><\/div><div class=\"gutentor-single-item-content\"><h4 class=\"gutentor-single-item-title\"><strong>Logiciel de gestion Gestimum ERP<\/strong><\/h4><p class=\"gutentor-single-item-desc\">Gestimum ERP, le premier choix des PME qui cherchent\u00a0:<br>La performance op\u00e9rationnelle<br>La ma\u00eetrise de leurs co\u00fbts d\u2019exploitation<br>et le plaisir de travailler au quotidien avec un outil moderne.<br><br><\/p><a class=\"gutentor-button gutentor-single-item-button gutentor-icon-after\" href=\"https:\/\/srtcom.com\/logiciel-de-gestion-gestimum-erp\/\"><i class=\"gutentor-button-icon fas fa-long-arrow-alt-right\"><\/i><span>Lire plus<\/span><\/a><\/div><\/div><\/div><\/div><div class=\"gutentor-grid-column grid-lg-4 grid-md-4 grid-12\"><div class=\"gutentor-single-item gutentor-image gutentor-single-item-2\"><div class=\"gutentor-single-item-wrap\"><div class=\"gutentor-single-item-image-box\"><div class=\"gutentor-image-thumb\"><img decoding=\"async\" class=\"normal-image\" src=\"https:\/\/srtcom.com\/wp-content\/uploads\/2022\/07\/ges.jpg\" alt=\"\" height=\"233\" width=\"350\"\/><\/div><\/div><div class=\"gutentor-single-item-content\"><h4 class=\"gutentor-single-item-title\">Comment bien choisir un logiciel ERP pour une PME ?<\/h4><p class=\"gutentor-single-item-desc\">  ERP est le sigle anglais d\u2019Enterprise Ressource Planning. Il est g\u00e9n\u00e9ralement traduit en fran\u00e7ais par PGI : Progiciel de Gestion Int\u00e9gr\u00e9. Un ERP est une solution de gestion d\u2019entreprise int\u00e9gr\u00e9e<br><br><br><\/p><a class=\"gutentor-button gutentor-single-item-button gutentor-icon-after\" href=\"https:\/\/srtcom.com\/comment-bien-choisir-un-logiciel-erp-pour-une-pme\/\"><i class=\"gutentor-button-icon fas fa-long-arrow-alt-right\"><\/i><span>Lire plus<\/span><\/a><\/div><\/div><\/div><\/div><\/div><\/div><\/section><section id=\"section-78debe0c-8b6f-4e96-ace5-169bfa2625e5\" class=\"wp-block-gutentor-advanced-columns gutentor-section gutentor-advanced-columns has-color-bg has-custom-bg\"><div class=\"grid-container\"><div class=\"grid-row\"><div id=\"section-603ac2b0-0256-4727-bd7c-f8aa720b3c52\" class=\"wp-block-gutentor-single-column gutentor-single-column  grid-lg-12 grid-md-12 grid-12\"><section id=\"section-be1a484b-2ad1-4eda-8413-dae298f25292\" class=\"wp-block-gutentor-advanced-columns gutentor-section gutentor-advanced-columns\"><div class=\"grid-container\"><div class=\"grid-row\"><section id=\"section-f760c727-c1a8-4f9f-96ac-f9091a68afe7\" class=\"wp-block-gutentor-single-column gutentor-single-column  grid-lg-12 grid-md-12 grid-12\"><\/section><\/div><\/div><\/section><\/div><\/div><\/div><\/section><section class=\"gutentor-section gutentor-blog-post-wrapper blog-template1 wp-block-gutentor-blog-post\" id=\"section-54ef9b77-3a74-46bd-91a8-7a320ad8eb80\" >\n<div class='grid-container'><div class=\"gutentor-block-header\"><div class=\"gutentor-section-title enable-title-design seperator-bottom text-center \"  >\n<h2 class=\"gutentor-title\">\nNews Feeds<\/h2>\n<\/div>\n<\/div><div class='gutentor-grid-item-wrap '  ><div class='grid-row ' ><article class='gutentor-post-has-thumb  grid-md-4 grid-sm-4 grid-xs-12 blog-grid'><div class=\"gutentor-single-item\"><div class=\"gutentor-post-content\"><h4 class=\"gutentor-single-item-title\"><a href=\"https:\/\/srtcom.com\/?p=164\" rel=\"bookmark\">Pr\u00e9sentation de gestimum<\/a><\/h4><div class=\"entry-meta\"><div class=\"posted-on\"><i class=\"far fa-calendar-alt\"><\/i><a href=\"https:\/\/srtcom.com\/?p=164\" rel=\"bookmark\">21 septembre 2019<\/a><\/div><div class=\"author vcard\"><i class=\"far fa-user\"><\/i><a href=\"https:\/\/srtcom.com\/?p=164\" rel=\"bookmark\">srtcom<\/a><\/div><\/div><div class=\"gutentor-post-excerpt gutentor-single-item-desc\"><p class='gutentor-single-item-desc'>De la gestion de la relation clients \u00e0 la gestion commerciale des achats, des stocks et des ventes j&hellip;<\/p><\/div><a class=\"gutentor-button gutentor-single-item-button gutentor-icon-after\"  href=\"https:\/\/srtcom.com\/?p=164\" href=\"https:\/\/srtcom.com\/?p=164\"><i class=\"gutentor-button-icon fas fa-long-arrow-alt-right\" ><\/i><span>read more<\/span><\/a><\/div><\/div><\/article><article class='gutentor-post-has-thumb  grid-md-4 grid-sm-4 grid-xs-12 blog-grid'><div class=\"gutentor-single-item\"><div class=\"gutentor-post-content\"><h4 class=\"gutentor-single-item-title\"><a href=\"https:\/\/srtcom.com\/?p=160\" rel=\"bookmark\">Gestimum Gestion Commerciale<\/a><\/h4><div class=\"entry-meta\"><div class=\"posted-on\"><i class=\"far fa-calendar-alt\"><\/i><a href=\"https:\/\/srtcom.com\/?p=160\" rel=\"bookmark\">20 septembre 2019<\/a><\/div><div class=\"author vcard\"><i class=\"far fa-user\"><\/i><a href=\"https:\/\/srtcom.com\/?p=160\" rel=\"bookmark\">srtcom<\/a><\/div><\/div><div class=\"gutentor-post-excerpt gutentor-single-item-desc\"><p class='gutentor-single-item-desc'>La gestion de vos processus de cr\u00e9ation de valeur. Enrichissez votre base de prospection, d\u00e9ployez v&hellip;<\/p><\/div><a class=\"gutentor-button gutentor-single-item-button gutentor-icon-after\"  href=\"https:\/\/srtcom.com\/?p=160\" href=\"https:\/\/srtcom.com\/?p=160\"><i class=\"gutentor-button-icon fas fa-long-arrow-alt-right\" ><\/i><span>read more<\/span><\/a><\/div><\/div><\/article><article class='gutentor-post-has-thumb  grid-md-4 grid-sm-4 grid-xs-12 blog-grid'><div class=\"gutentor-single-item\"><div class=\"gutentor-post-content\"><h4 class=\"gutentor-single-item-title\"><a href=\"https:\/\/srtcom.com\/?p=155\" rel=\"bookmark\">Accueil<\/a><\/h4><div class=\"entry-meta\"><div class=\"posted-on\"><i class=\"far fa-calendar-alt\"><\/i><a href=\"https:\/\/srtcom.com\/?p=155\" rel=\"bookmark\">20 septembre 2019<\/a><\/div><div class=\"author vcard\"><i class=\"far fa-user\"><\/i><a href=\"https:\/\/srtcom.com\/?p=155\" rel=\"bookmark\">srtcom<\/a><\/div><\/div><div class=\"gutentor-post-excerpt gutentor-single-item-desc\"><p class='gutentor-single-item-desc'>Logiciel de gestion Gestimum ERP \n\n\n\n Gestimum ERP, le premier choix des PME qui cherchent&nbsp; :\n\n&hellip;<\/p><\/div><a class=\"gutentor-button gutentor-single-item-button gutentor-icon-after\"  href=\"https:\/\/srtcom.com\/?p=155\" href=\"https:\/\/srtcom.com\/?p=155\"><i class=\"gutentor-button-icon fas fa-long-arrow-alt-right\" ><\/i><span>read more<\/span><\/a><\/div><\/div><\/article><\/div><\/div><\/div><\/section>","protected":false},"excerpt":{"rendered":"","protected":false},"author":1,"featured_media":0,"parent":0,"menu_order":0,"comment_status":"closed","ping_status":"closed","template":"template-gutentor-full-width.php","meta":{"footnotes":""},"class_list":["post-306","page","type-page","status-publish","hentry"],"jetpack_sharing_enabled":true,"_links":{"self":[{"href":"https:\/\/srtcom.com\/index.php?rest_route=\/wp\/v2\/pages\/306","targetHints":{"allow":["GET"]}}],"collection":[{"href":"https:\/\/srtcom.com\/index.php?rest_route=\/wp\/v2\/pages"}],"about":[{"href":"https:\/\/srtcom.com\/index.php?rest_route=\/wp\/v2\/types\/page"}],"author":[{"embeddable":true,"href":"https:\/\/srtcom.com\/index.php?rest_route=\/wp\/v2\/users\/1"}],"replies":[{"embeddable":true,"href":"https:\/\/srtcom.com\/index.php?rest_route=%2Fwp%2Fv2%2Fcomments&post=306"}],"version-history":[{"count":59,"href":"https:\/\/srtcom.com\/index.php?rest_route=\/wp\/v2\/pages\/306\/revisions"}],"predecessor-version":[{"id":2264,"href":"https:\/\/srtcom.com\/index.php?rest_route=\/wp\/v2\/pages\/306\/revisions\/2264"}],"wp:attachment":[{"href":"https:\/\/srtcom.com\/index.php?rest_route=%2Fwp%2Fv2%2Fmedia&parent=306"}],"curies":[{"name":"wp","href":"https:\/\/api.w.org\/{rel}","templated":true}]}}