{"id":454,"date":"2021-10-24T09:42:28","date_gmt":"2021-10-24T07:42:28","guid":{"rendered":"https:\/\/srtcom.com\/?page_id=454"},"modified":"2022-11-10T12:45:29","modified_gmt":"2022-11-10T11:45:29","slug":"site-web","status":"publish","type":"page","link":"https:\/\/srtcom.com\/?page_id=454","title":{"rendered":"Cr\u00e9ation Web"},"content":{"rendered":"<section id=\"section-487f2a89-1959-4d4b-9801-167a76d922eb\" class=\"wp-block-gutentor-image-slider gutentor-section gutentor-image-slider imageSlider-template1\"><div class=\"gutentor-grid-item-wrap\"><div class=\"gutentor-slider-wrapper\" data-dots=\"true\" data-arrows=\"true\" data-infinite=\"false\" data-nextarrow=\"fas fa-angle-right\" data-prevarrow=\"fas fa-angle-left\" data-autoplay=\"true\" data-autoplayspeed=\"5000\" data-fade=\"false\" data-speed=\"1500\"><div class=\"gutentor-slider-item\"><div class=\"gutentor-single-item gutentor-single-item-0\"><div class=\"gutentor-single-item-wrap\"><div class=\"gutentor-single-item-image-box\"><div class=\"gutentor-bg-image\"><div class=\"overlay\"><\/div><\/div><\/div><div class=\"gutentor-single-item-content\"><div class=\"grid-container\"><div class=\"slider-caption text-left\"><h2 class=\"gutentor-single-item-title\"><br>Websites<\/h2><p class=\"gutentor-single-item-desc\">Nous proposons la cr\u00e9ation,conception et r\u00e9alisation des sites web statique avec h\u00e9bergement offert pour la premi\u00e8re ann\u00e9e.<br>Publier vos informations, pr\u00e9senter vos coordonn\u00e9es, \u00e9taler vos services, informer sur vos actualit\u00e9s\u2026<\/p><a class=\"gutentor-button gutentor-single-item-button gutentor-icon-hide\" href=\"https:\/\/srtcom.com\/contactez-nous\/\"><i class=\"gutentor-button-icon fas fa-book\"><\/i><span>Contactez nous<\/span><\/a><\/div><\/div><\/div><\/div><\/div><\/div><div class=\"gutentor-slider-item\"><div class=\"gutentor-single-item gutentor-single-item-1\"><div class=\"gutentor-single-item-wrap\"><div class=\"gutentor-single-item-image-box\"><div class=\"gutentor-bg-image\"><div class=\"overlay\"><\/div><\/div><\/div><div class=\"gutentor-single-item-content\"><div class=\"grid-container\"><div class=\"slider-caption text-left\"><h2 class=\"gutentor-single-item-title\"><br>Websites<\/h2><p class=\"gutentor-single-item-desc\">Nous proposons la cr\u00e9ation,conception et r\u00e9alisation des sites web statique avec h\u00e9bergement offert pour la premi\u00e8re ann\u00e9e.<br>Publier vos informations, pr\u00e9senter vos coordonn\u00e9es, \u00e9taler vos services, informer sur vos actualit\u00e9s\u2026<\/p><a class=\"gutentor-button gutentor-single-item-button gutentor-icon-hide\" href=\"#\"><i class=\"gutentor-button-icon fas fa-book\"><\/i><span>Get Started<\/span><\/a><\/div><\/div><\/div><\/div><\/div><\/div><\/div><\/div><\/section><section id=\"section-8441b8f4-d6c0-451b-95cc-821d618b8365\" class=\"wp-block-gutentor-image-box gutentor-section gutentor-image-wrapper imagebox-template1 has-color-bg has-custom-bg\"><div class=\"grid-container\"><div class=\"grid-row gutentor-grid-item-wrap\"><div class=\"gutentor-grid-column grid-lg-4 grid-md-2m3 grid-6\"><div class=\"gutentor-single-item gutentor-image gutentor-single-item-0\"><div class=\"gutentor-single-item-wrap\"><div class=\"gutentor-single-item-image-box\"><div class=\"gutentor-image-thumb\"><img decoding=\"async\" class=\"normal-image\" src=\"https:\/\/srtcom.com\/wp-content\/uploads\/2022\/11\/Domainlogo-1.png\" alt=\"\" height=\"140\" width=\"320\"\/><\/div><\/div><div class=\"gutentor-single-item-content\"><p class=\"gutentor-single-item-desc\">Nom de domaine\u00a0<strong>OFFERT<\/strong><\/p><\/div><\/div><\/div><\/div><div class=\"gutentor-grid-column grid-lg-4 grid-md-2m3 grid-6\"><div class=\"gutentor-single-item gutentor-image gutentor-single-item-1\"><div class=\"gutentor-single-item-wrap\"><div class=\"gutentor-single-item-image-box\"><div class=\"gutentor-image-thumb\"><img decoding=\"async\" class=\"normal-image\" src=\"https:\/\/srtcom.com\/wp-content\/uploads\/2022\/11\/cpanel-logo-1.png\" alt=\"\" height=\"140\" width=\"320\"\/><\/div><\/div><div class=\"gutentor-single-item-content\"><p class=\"gutentor-single-item-desc\">Administration\u00a0<strong>Cpanel<\/strong><\/p><\/div><\/div><\/div><\/div><div class=\"gutentor-grid-column grid-lg-4 grid-md-2m3 grid-6\"><div class=\"gutentor-single-item gutentor-image gutentor-single-item-2\"><div class=\"gutentor-single-item-wrap\"><div class=\"gutentor-single-item-image-box\"><div class=\"gutentor-image-thumb\"><img decoding=\"async\" class=\"normal-image\" src=\"https:\/\/srtcom.com\/wp-content\/uploads\/2022\/11\/ftp-logo.png\" alt=\"\" height=\"140\" width=\"320\"\/><\/div><\/div><div class=\"gutentor-single-item-content\"><p class=\"gutentor-single-item-desc\">Outils\u00a0<strong>File manager<\/strong> et <strong>FTP<\/strong><\/p><\/div><\/div><\/div><\/div><div class=\"gutentor-grid-column grid-lg-4 grid-md-2m3 grid-6\"><div class=\"gutentor-single-item gutentor-image gutentor-single-item-3\"><div class=\"gutentor-single-item-wrap\"><div class=\"gutentor-single-item-image-box\"><div class=\"gutentor-image-thumb\"><img loading=\"lazy\" decoding=\"async\" class=\"normal-image\" src=\"https:\/\/srtcom.com\/wp-content\/uploads\/2022\/11\/databaselogo.png\" alt=\"\" height=\"140\" width=\"320\"\/><\/div><\/div><div class=\"gutentor-single-item-content\"><p class=\"gutentor-single-item-desc\">Bases de donn\u00e9es\u00a0<strong>illimit\u00e9es<\/strong><\/p><\/div><\/div><\/div><\/div><div class=\"gutentor-grid-column grid-lg-4 grid-md-2m3 grid-6\"><div class=\"gutentor-single-item gutentor-image gutentor-single-item-4\"><div class=\"gutentor-single-item-wrap\"><div class=\"gutentor-single-item-image-box\"><div class=\"gutentor-image-thumb\"><img loading=\"lazy\" decoding=\"async\" class=\"normal-image\" src=\"https:\/\/srtcom.com\/wp-content\/uploads\/2022\/11\/traffic.png\" alt=\"\" height=\"140\" width=\"320\"\/><\/div><\/div><div class=\"gutentor-single-item-content\"><p class=\"gutentor-single-item-desc\">Trafic\u00a0<strong>illimit\u00e9<\/strong>..<\/p><\/div><\/div><\/div><\/div><div class=\"gutentor-grid-column grid-lg-4 grid-md-2m3 grid-6\"><div class=\"gutentor-single-item gutentor-image gutentor-single-item-5\"><div class=\"gutentor-single-item-wrap\"><div class=\"gutentor-single-item-image-box\"><div class=\"gutentor-image-thumb\"><img loading=\"lazy\" decoding=\"async\" class=\"normal-image\" src=\"https:\/\/srtcom.com\/wp-content\/uploads\/2022\/11\/certificat-ssl.png\" alt=\"\" height=\"140\" width=\"320\"\/><\/div><\/div><div class=\"gutentor-single-item-content\"><p class=\"gutentor-single-item-desc\"><strong>Certificat SSL<\/strong> grautit<\/p><\/div><\/div><\/div><\/div><\/div><\/div><\/section><section id=\"section-e99f57dd-cd5a-4c54-b685-0962a4a733fc\" class=\"wp-block-gutentor-image-box gutentor-section gutentor-image-wrapper imagebox-template1 has-color-bg has-custom-bg\"><div class=\"grid-container\"><div class=\"gutentor-block-header\"><div class=\"gutentor-section-title enable-title-design seperator-bottom text-center\"><h2 class=\"gutentor-title\"> Pack Site web<\/h2><\/div><\/div><div class=\"grid-row gutentor-grid-item-wrap\"><div class=\"gutentor-grid-column grid-lg-3 grid-md-4 grid-12\"><div class=\"gutentor-single-item gutentor-image gutentor-single-item-0\"><div class=\"gutentor-single-item-wrap\"><div class=\"gutentor-single-item-image-box\"><div class=\"gutentor-image-thumb\"><img loading=\"lazy\" decoding=\"async\" class=\"normal-image\" src=\"https:\/\/srtcom.com\/wp-content\/uploads\/2022\/07\/vitrine.jpg\" alt=\"\" height=\"220\" width=\"350\"\/><\/div><\/div><div class=\"gutentor-single-item-content\"><h4 class=\"gutentor-single-item-title\">Pack Vitrine<\/h4><p class=\"gutentor-single-item-desc\">Mette en valeur votre marque, votre entreprise, ou votre activit\u00e9.<\/p><\/div><\/div><\/div><\/div><div class=\"gutentor-grid-column grid-lg-3 grid-md-4 grid-12\"><div class=\"gutentor-single-item gutentor-image gutentor-single-item-1\"><div class=\"gutentor-single-item-wrap\"><div class=\"gutentor-single-item-image-box\"><div class=\"gutentor-image-thumb\"><img loading=\"lazy\" decoding=\"async\" class=\"normal-image\" src=\"https:\/\/srtcom.com\/wp-content\/uploads\/2022\/07\/entreprisesite-2.jpg\" alt=\"\" height=\"220\" width=\"350\"\/><\/div><\/div><div class=\"gutentor-single-item-content\"><h4 class=\"gutentor-single-item-title\">Pack Entreprise<\/h4><p class=\"gutentor-single-item-desc\">Un site dynamique avec pr\u00e9sentation des services et produits de l&rsquo;entreprise<\/p><\/div><\/div><\/div><\/div><div class=\"gutentor-grid-column grid-lg-3 grid-md-4 grid-12\"><div class=\"gutentor-single-item gutentor-image gutentor-single-item-2\"><div class=\"gutentor-single-item-wrap\"><div class=\"gutentor-single-item-image-box\"><div class=\"gutentor-image-thumb\"><img loading=\"lazy\" decoding=\"async\" class=\"normal-image\" src=\"https:\/\/srtcom.com\/wp-content\/uploads\/2022\/07\/depositphotos_318814330-stock-photo-three-mockup-devices-showing-online.jpg\" alt=\"\" height=\"220\" width=\"350\"\/><\/div><\/div><div class=\"gutentor-single-item-content\"><h4 class=\"gutentor-single-item-title\">Pack eCommerce<\/h4><p class=\"gutentor-single-item-desc\">Un site marchand avec gestion des commandes<br><br><\/p><\/div><\/div><\/div><\/div><div class=\"gutentor-grid-column grid-lg-3 grid-md-4 grid-12\"><div class=\"gutentor-single-item gutentor-image gutentor-single-item-3\"><div class=\"gutentor-single-item-wrap\"><div class=\"gutentor-single-item-image-box\"><div class=\"gutentor-image-thumb\"><img loading=\"lazy\" decoding=\"async\" class=\"normal-image\" src=\"https:\/\/srtcom.com\/wp-content\/uploads\/2022\/08\/site-7.jpg\" alt=\"\" height=\"220\" width=\"350\"\/><\/div><\/div><div class=\"gutentor-single-item-content\"><h4 class=\"gutentor-single-item-title\">Pack sur mesure<\/h4><p class=\"gutentor-single-item-desc\">Un site sur mesure selon vos besoins<br><br><\/p><\/div><\/div><\/div><\/div><\/div><\/div><\/section><section id=\"section-438a12c6-9e26-48f2-9f1b-cba12c6a534b\" class=\"wp-block-gutentor-pricing gutentor-section pricing-wrapper pricing-template1\"><div class=\"grid-container\"><div class=\"gutentor-block-header\"><div class=\"gutentor-section-title enable-title-design seperator-bottom text-center\"><h2 class=\"gutentor-title\">Pack Site web<\/h2><\/div><\/div><div class=\"grid-row gutentor-grid-item-wrap\"><div class=\"gutentor-grid-column grid-lg-3 grid-md-4 grid-12\"><div class=\"gutentor-single-item pricing gutentor-single-item-0\"><div class=\"gutentor-single-item-content\"><div class=\"pricing-header\"><h3 class=\"gutentor-single-item-title\">Vitrine<\/h3><\/div><span class=\"pricing-amount-wrap\"><span class=\"pricing-amount\"><span class=\"pricing-price\">69000 DA<\/span><\/span><\/span><div class=\"pricing-content\"><p class=\"gutentor-single-item-desc\">Un site internet Vitrine basique avec 5 pages modifiables, il permet de pr\u00e9senter votre soci\u00e9t\u00e9 et vos services \u00e0 travers Cinq pages, il est destin\u00e9 aux sites qui ont peu de contenu. Nombre de pages : 5 pages + contact Web Design et graphisme R\u00e9f\u00e9rencement SEO<br>basique <br>Google analytics<br>Responsive compatible mobile<br>H\u00e9bergement\u00a0: <mark style=\"background-color:rgba(0, 0, 0, 0);color:#3da8cb\" class=\"has-inline-color\"><em><strong>Plan Evo One<\/strong><\/em> <\/mark><br>Compte email\u00a0: 15<br>Nom de domaine offert<\/p><\/div><a class=\"gutentor-button gutentor-single-item-button gutentor-icon-hide\" href=\"#\"><i class=\"gutentor-button-icon fas fa-book\"><\/i><span>Commander<\/span><\/a><\/div><\/div><\/div><div class=\"gutentor-grid-column grid-lg-3 grid-md-4 grid-12\"><div class=\"gutentor-single-item pricing gutentor-single-item-1\"><div class=\"gutentor-single-item-content\"><div class=\"pricing-header\"><h3 class=\"gutentor-single-item-title\">Entreprise<\/h3><\/div><span class=\"pricing-amount-wrap\"><span class=\"pricing-amount\"><span class=\"pricing-price\">119000 DA<\/span><\/span><\/span><div class=\"pricing-content\"><p class=\"gutentor-single-item-desc\">Un site Web catalogue est un site dynamique avec des pages illimit\u00e9es, il permet de pr\u00e9senter vos produits et services avec des images, vid\u00e9os, animations et des fiches d\u00e9taill\u00e9es, ainsi avec la possibilit\u00e9 d\u2019int\u00e9grer des Slider dynamiques et des affiches publicitaires.<br>Pages\u00a0: illimit\u00e9es<br>Web Design et graphisme<br>R\u00e9f\u00e9rencement SEO<br>Google analytics<br>Responsive compatible mobile<br>H\u00e9bergement\u00a0: <em><strong><mark style=\"background-color:rgba(0, 0, 0, 0);color:#3da8cb\" class=\"has-inline-color\">Plan entreprise 5G<\/mark><\/strong><\/em><br>Compte email\u00a0: illimit\u00e9s<br>Nom de domaine offert<\/p><\/div><a class=\"gutentor-button gutentor-single-item-button gutentor-icon-hide\" href=\"#\"><i class=\"gutentor-button-icon fas fa-book\"><\/i><span>Commander<\/span><\/a><\/div><\/div><\/div><div class=\"gutentor-grid-column grid-lg-3 grid-md-4 grid-12\"><div class=\"gutentor-single-item pricing gutentor-single-item-2\"><div class=\"gutentor-single-item-content\"><div class=\"pricing-header\"><h3 class=\"gutentor-single-item-title\">eCommerce<\/h3><\/div><span class=\"pricing-amount-wrap\"><span class=\"pricing-amount\"><span class=\"pricing-price\">Sur devis<\/span><\/span><\/span><div class=\"pricing-content\"><p class=\"gutentor-single-item-desc\">Un site Web E-commerce est un site dynamique complet avec des pages illimit\u00e9es et un syst\u00e8me de commande et de panier pour vendre vos produits et services, il permet de pr\u00e9senter et vendre en ligne vos produits et services, avec la possibilit\u00e9 d\u2019int\u00e9grer plusieurs moyens de paiement.<br>Pages\u00a0: illimit\u00e9es<br>Web Design et graphisme<br>R\u00e9f\u00e9rencement SEO Avanc\u00e9<br>Google analytics<br>Responsive compatible mobile<br>E-commerce<br>Syst\u00e8me de commande<br>H\u00e9bergement\u00a0: <em><strong><mark style=\"background-color:rgba(0, 0, 0, 0);color:#3da8cb\" class=\"has-inline-color\">Plan entreprise 10Go<\/mark><\/strong><\/em><br>Compte email\u00a0: illimit\u00e9s<br>Nom de domaine offert<\/p><\/div><a class=\"gutentor-button gutentor-single-item-button gutentor-icon-hide\" href=\"#\"><i class=\"gutentor-button-icon fas fa-book\"><\/i><span>Commander<\/span><\/a><\/div><\/div><\/div><div class=\"gutentor-grid-column grid-lg-3 grid-md-4 grid-12\"><div class=\"gutentor-single-item pricing gutentor-single-item-3\"><div class=\"gutentor-single-item-content\"><div class=\"pricing-header\"><h3 class=\"gutentor-single-item-title\">Sur mesure<\/h3><\/div><span class=\"pricing-amount-wrap\"><span class=\"pricing-amount\"><span class=\"pricing-price\">Sur devis<\/span><\/span><\/span><div class=\"pricing-content\"><p class=\"gutentor-single-item-desc\">Un site Web sur Mesure est un site Web avec des fonctionnalit\u00e9s unique adapt\u00e9es par rapport aux clients et selon ses besoins et suivant un cahier des charges.<br>Pages\u00a0: illimit\u00e9es<br>Web Design et graphisme<br>R\u00e9f\u00e9rencement SEO Avanc\u00e9<br>Google analytics<br>Responsive compatible mobile<br>Int\u00e9gration des API<br>H\u00e9bergement\u00a0: <em><strong><mark style=\"background-color:rgba(0, 0, 0, 0);color:#3da8cb\" class=\"has-inline-color\">Plan entreprise 10Go<\/mark><\/strong><\/em><br>Compte email\u00a0: illimit\u00e9s<br>Nom de domaine offert<\/p><\/div><a class=\"gutentor-button gutentor-single-item-button gutentor-icon-hide\" href=\"#\"><i class=\"gutentor-button-icon fas fa-book\"><\/i><span>Commander<\/span><\/a><\/div><\/div><\/div><\/div><\/div><\/section><section id=\"section-41daa0d0-1b71-431a-b577-5842fb039191\" class=\"wp-block-gutentor-advanced-columns gutentor-section gutentor-advanced-columns has-image-bg has-custom-bg has-gutentor-overlay\"><div class=\"grid-container\"><div class=\"grid-row\"><div id=\"section-543eb83f-d776-44f0-94ed-e5b1a2584e92\" class=\"wp-block-gutentor-single-column gutentor-single-column  grid-lg-6 grid-md-12 grid-12\"><div id=\"section-376a329c-c865-4b72-b258-b7c1305abef1\" class=\"wp-block-gutentor-content-box gutentor-section gutentor-content-box-wrapper content-template1\"><div class=\"grid-container gutentor-rm-ct-space\"><div class=\"grid-row gutentor-grid-item-wrap gutentor-rm-row-space\"><div class=\"gutentor-grid-column grid-lg-12 grid-md-12 grid-12 gutentor-rm-col-space\"><div class=\"gutentor-single-item gutentor-single-item-0\"><div class=\"gutentor-single-item-wrap\"><div class=\"gutentor-single-item-content\"><h3 class=\"gutentor-single-item-title\">Donnant vie \u00e0 vos projets.<\/h3><\/div><\/div><\/div><\/div><\/div><\/div><\/div>\n\n<p><\/p><\/div>\n\n<div id=\"section-dd84d932-5264-4a46-8b7d-810787677053\" class=\"wp-block-gutentor-single-column gutentor-single-column  grid-lg-6 grid-md-12 grid-12\"><div id=\"section-57793a61-8a82-40f0-9a86-ccf2483c6580\" class=\"wp-block-gutentor-counter-box gutentor-section gutentor-counter-wrapper counter-template3\"><div class=\"grid-container gutentor-rm-ct-space\"><div class=\"grid-row gutentor-grid-item-wrap\"><div class=\"gutentor-grid-column grid-lg-6 grid-md-6 grid-12\"><div class=\"gutentor-single-item gutentor-counter gutentor-single-item-0\"><div class=\"gutentor-single-item-wrap\"><div class=\"gutentor-single-item-icon-box\"><i class=\"fas fa-hourglass-half\"><\/i><\/div><div class=\"gutentor-single-item-content\"><h2 class=\"gutentor-single-item-number\" data-duration=\"2\" data-start=\"0\" data-end=\"07\"><\/h2><p class=\"gutentor-single-item-title\">Ann\u00e9es d&rsquo;Experience <\/p><\/div><\/div><\/div><\/div><div class=\"gutentor-grid-column grid-lg-6 grid-md-6 grid-12\"><div class=\"gutentor-single-item gutentor-counter gutentor-single-item-1\"><div class=\"gutentor-single-item-wrap\"><div class=\"gutentor-single-item-icon-box\"><i class=\"fas fa-briefcase\"><\/i><\/div><div class=\"gutentor-single-item-content\"><h2 class=\"gutentor-single-item-number\" data-duration=\"2\" data-start=\"0\" data-end=\"110\"><\/h2><p class=\"gutentor-single-item-title\">Projets Complet\u00e9s<\/p><\/div><\/div><\/div><\/div><div class=\"gutentor-grid-column grid-lg-6 grid-md-6 grid-12\"><div class=\"gutentor-single-item gutentor-counter gutentor-single-item-2\"><div class=\"gutentor-single-item-wrap\"><div class=\"gutentor-single-item-icon-box\"><i class=\"fas fa-trophy\"><\/i><\/div><div class=\"gutentor-single-item-content\"><h2 class=\"gutentor-single-item-number\" data-duration=\"2\" data-start=\"0\" data-end=\"30\"><\/h2><p class=\"gutentor-single-item-title\">Troph\u00e9es<\/p><\/div><\/div><\/div><\/div><div class=\"gutentor-grid-column grid-lg-6 grid-md-6 grid-12\"><div class=\"gutentor-single-item gutentor-counter gutentor-single-item-3\"><div class=\"gutentor-single-item-wrap\"><div class=\"gutentor-single-item-icon-box\"><i class=\"far fa-smile\"><\/i><\/div><div class=\"gutentor-single-item-content\"><h2 class=\"gutentor-single-item-number\" data-duration=\"2\" data-start=\"0\" data-end=\"210\"><\/h2><p class=\"gutentor-single-item-title\">Clients satisfaits<\/p><\/div><\/div><\/div><\/div><\/div><\/div><\/div>\n\n<p><\/p><\/div><\/div><\/div><\/section><p><\/p>","protected":false},"excerpt":{"rendered":"","protected":false},"author":1,"featured_media":0,"parent":0,"menu_order":0,"comment_status":"closed","ping_status":"closed","template":"template-gutentor-full-width.php","meta":{"footnotes":""},"class_list":["post-454","page","type-page","status-publish","hentry"],"jetpack_sharing_enabled":true,"_links":{"self":[{"href":"https:\/\/srtcom.com\/index.php?rest_route=\/wp\/v2\/pages\/454","targetHints":{"allow":["GET"]}}],"collection":[{"href":"https:\/\/srtcom.com\/index.php?rest_route=\/wp\/v2\/pages"}],"about":[{"href":"https:\/\/srtcom.com\/index.php?rest_route=\/wp\/v2\/types\/page"}],"author":[{"embeddable":true,"href":"https:\/\/srtcom.com\/index.php?rest_route=\/wp\/v2\/users\/1"}],"replies":[{"embeddable":true,"href":"https:\/\/srtcom.com\/index.php?rest_route=%2Fwp%2Fv2%2Fcomments&post=454"}],"version-history":[{"count":46,"href":"https:\/\/srtcom.com\/index.php?rest_route=\/wp\/v2\/pages\/454\/revisions"}],"predecessor-version":[{"id":2152,"href":"https:\/\/srtcom.com\/index.php?rest_route=\/wp\/v2\/pages\/454\/revisions\/2152"}],"wp:attachment":[{"href":"https:\/\/srtcom.com\/index.php?rest_route=%2Fwp%2Fv2%2Fmedia&parent=454"}],"curies":[{"name":"wp","href":"https:\/\/api.w.org\/{rel}","templated":true}]}}